{"id":733,"date":"2015-10-21T23:22:41","date_gmt":"2015-10-21T21:22:41","guid":{"rendered":"https:\/\/dev.jobtek.eu\/job-opportunities\/"},"modified":"2025-11-17T14:00:28","modified_gmt":"2025-11-17T13:00:28","slug":"job-opportunities","status":"publish","type":"page","link":"https:\/\/dev.jobtek.eu\/en\/","title":{"rendered":"Job opportunities"},"content":{"rendered":"<div class=\"job_listings \" data-location=\"\" data-keywords=\"\" data-show_filters=\"false\" data-show_pagination=\"false\" data-job_types=\"\" data-featured=\"\" data-filled=\"\" data-remote_position=\"\" data-per_page=\"3\" data-orderby=\"date\" data-order=\"desc\" data-list_layout=\"list\" data-categories=\"\" data-disable-form-state-storage=\"\" data-post_id=\"5691\" >\r\n            <!-- Listings Loader -->\r\n            <div class=\"listings-loader\">\r\n                <div class=\"spinner\">\r\n                  <div class=\"double-bounce1\"><\/div>\r\n                  <div class=\"double-bounce2\"><\/div>\r\n                <\/div>\r\n            <\/div>\r\n            \r\n            <ul class=\"job_listings job-list full     new-layout \" >\r\n\r\n            \n        <!-- Listing -->\n        <li  data-longitude=\"19.9913921\" data-latitude=\"50.0677147\"  data-title=\"Konferencja In\u017cynierii L\u0105dowej i Architektury\" data-image=\"https:\/\/dev.jobtek.eu\/wp-content\/uploads\/job-manager-uploads\/company_logo\/2024\/02\/Projekt-bez-nazwy-3.png\" data-company=\"\" data-address=\"\" data-job_type=\"\" data-job_id=\"5693\" data-rate=\"\" data-salary=\"\" data-job_type_class=\"\" >\n            <a href=\"https:\/\/dev.jobtek.eu\/en\/events\/konferencja-inzynierii-ladowej-i-architektury\/\" class=\"job_listing event_post_type\" data-longitude=\"19.9913921\" data-latitude=\"50.0677147\">\n\n                \n                <div class=\"listing-logo\">\n                    <img decoding=\"async\" class=\"company_logo\" src=\"https:\/\/dev.jobtek.eu\/wp-content\/uploads\/job-manager-uploads\/company_logo\/2024\/02\/Projekt-bez-nazwy-3-150x150.png\" alt=\"\" \/>                <\/div>\n                <div class=\"listing-title\">\n\n                    <div class=\"sjob-flex\">\n                        <h4>Konferencja In\u017cynierii L\u0105dowej i Architektury\n                        <\/h4>\n\n                        <div class=\"jsright\">\n                            <div class=\"wynagrodzenie-job-listing\">\n\n                                \n                            <\/div>\n                            \n\n\n                        <\/div>\n\n                    <\/div>\n\n                    <div class=\"listing-job-info\">\n                        <div class=\"listing-job-info__left\">\n                            <div class=\"listing-job-info__company\">\n                                <div class=\"listing-job-info__company-name\">\n                                    <img decoding=\"async\" src=\"https:\/\/dev.jobtek.eu\/wp-content\/themes\/workscout-child\/images\/company.svg\">\n                                    <span>Budimex SA<\/span>\n                                <\/div>\n                            <\/div>\n\n                            <div class=\"listing-job-info__localization\">\n                                <div class=\"cs-location\">\n                                    <img decoding=\"async\" src=\"https:\/\/dev.jobtek.eu\/wp-content\/themes\/workscout-child\/images\/pin.svg\">\n                                    TAURON Arena Krak\u00f3w, Stanis\u0142awa Lema, Krak\u00f3w, Polska                                <\/div>\n                            <\/div>\n                        <\/div>\n\n                        <div class=\"listing-job-categories\">\n                                                    <\/div>\n                    <\/div>\n\n                    <div class=\"rel-info\">\n\n                        \n\n                    <\/div>\n                <\/div>\n            <\/a>\n        <\/li>\n    \n        <!-- Listing -->\n        <li  data-longitude=\"19.0237815\" data-latitude=\"50.2648919\"  data-title=\"Targi Maszyn i Sprz\u0119tu Budowlanego\" data-image=\"https:\/\/dev.jobtek.eu\/wp-content\/uploads\/2023\/11\/Projekt-bez-nazwy-3-150x150.png\" data-company=\"\" data-address=\"\" data-job_type=\"\" data-job_id=\"5692\" data-rate=\"\" data-salary=\"\" data-job_type_class=\"\" >\n            <a href=\"https:\/\/dev.jobtek.eu\/en\/events\/targi-maszyn-i-sprzetu-budowlanego\/\" class=\"job_listing event_post_type\" data-longitude=\"19.0237815\" data-latitude=\"50.2648919\">\n\n                \n                <div class=\"listing-logo\">\n                    <img decoding=\"async\" class=\"company_logo\" src=\"https:\/\/dev.jobtek.eu\/wp-content\/uploads\/2023\/11\/Projekt-bez-nazwy-3-150x150.png\" alt=\"\" \/>                <\/div>\n                <div class=\"listing-title\">\n\n                    <div class=\"sjob-flex\">\n                        <h4>Targi Maszyn i Sprz\u0119tu Budowlanego\n                        <\/h4>\n\n                        <div class=\"jsright\">\n                            <div class=\"wynagrodzenie-job-listing\">\n\n                                \n                            <\/div>\n                            \n\n\n                        <\/div>\n\n                    <\/div>\n\n                    <div class=\"listing-job-info\">\n                        <div class=\"listing-job-info__left\">\n                            <div class=\"listing-job-info__company\">\n                                <div class=\"listing-job-info__company-name\">\n                                    <img decoding=\"async\" src=\"https:\/\/dev.jobtek.eu\/wp-content\/themes\/workscout-child\/images\/company.svg\">\n                                    <span>Globetek Sp. z o.o.<\/span>\n                                <\/div>\n                            <\/div>\n\n                            <div class=\"listing-job-info__localization\">\n                                <div class=\"cs-location\">\n                                    <img decoding=\"async\" src=\"https:\/\/dev.jobtek.eu\/wp-content\/themes\/workscout-child\/images\/pin.svg\">\n                                    Katowice, Polska                                <\/div>\n                            <\/div>\n                        <\/div>\n\n                        <div class=\"listing-job-categories\">\n                                                    <\/div>\n                    <\/div>\n\n                    <div class=\"rel-info\">\n\n                        \n\n                    <\/div>\n                <\/div>\n            <\/a>\n        <\/li>\n    \n        <!-- Listing -->\n        <li  data-longitude=\"21.0122287\" data-latitude=\"52.2296756\"  data-title=\"Forum Nowoczesnego Budownictwa 2026\" data-image=\"https:\/\/dev.jobtek.eu\/wp-content\/uploads\/job-manager-uploads\/company_logo\/2024\/03\/AB-Industry-logo-300x300px-jpg.jpg\" data-company=\"\" data-address=\"\" data-job_type=\"\" data-job_id=\"5691\" data-rate=\"\" data-salary=\"\" data-job_type_class=\"\" >\n            <a href=\"https:\/\/dev.jobtek.eu\/en\/events\/forum-nowoczesnego-budownictwa-2026\/\" class=\"job_listing event_post_type\" data-longitude=\"21.0122287\" data-latitude=\"52.2296756\">\n\n                \n                <div class=\"listing-logo\">\n                    <img decoding=\"async\" class=\"company_logo\" src=\"https:\/\/dev.jobtek.eu\/wp-content\/uploads\/job-manager-uploads\/company_logo\/2024\/03\/AB-Industry-logo-300x300px-jpg-150x150.jpg\" alt=\"\" \/>                <\/div>\n                <div class=\"listing-title\">\n\n                    <div class=\"sjob-flex\">\n                        <h4>Forum Nowoczesnego Budownictwa 2026\n                        <\/h4>\n\n                        <div class=\"jsright\">\n                            <div class=\"wynagrodzenie-job-listing\">\n\n                                \n                            <\/div>\n                            \n\n\n                        <\/div>\n\n                    <\/div>\n\n                    <div class=\"listing-job-info\">\n                        <div class=\"listing-job-info__left\">\n                            <div class=\"listing-job-info__company\">\n                                <div class=\"listing-job-info__company-name\">\n                                    <img decoding=\"async\" src=\"https:\/\/dev.jobtek.eu\/wp-content\/themes\/workscout-child\/images\/company.svg\">\n                                    <span>AB Industry S.A<\/span>\n                                <\/div>\n                            <\/div>\n\n                            <div class=\"listing-job-info__localization\">\n                                <div class=\"cs-location\">\n                                    <img decoding=\"async\" src=\"https:\/\/dev.jobtek.eu\/wp-content\/themes\/workscout-child\/images\/pin.svg\">\n                                    Warszawa, Polska                                <\/div>\n                            <\/div>\n                        <\/div>\n\n                        <div class=\"listing-job-categories\">\n                                                    <\/div>\n                    <\/div>\n\n                    <div class=\"rel-info\">\n\n                        \n\n                    <\/div>\n                <\/div>\n            <\/a>\n        <\/li>\n    \r\n            <\/ul>\n\r\n            \r\n            \r\n        <\/div>\n","protected":false},"excerpt":{"rendered":"","protected":false},"author":6727,"featured_media":0,"parent":0,"menu_order":0,"comment_status":"closed","ping_status":"closed","template":"template-splitmap.php","meta":{"_acf_changed":false,"footnotes":""},"class_list":{"1":"page","2":"type-page","3":"status-publish","4":"hentry"},"acf":[],"_links":{"self":[{"href":"https:\/\/dev.jobtek.eu\/en\/wp-json\/wp\/v2\/pages\/733","targetHints":{"allow":["GET"]}}],"collection":[{"href":"https:\/\/dev.jobtek.eu\/en\/wp-json\/wp\/v2\/pages"}],"about":[{"href":"https:\/\/dev.jobtek.eu\/en\/wp-json\/wp\/v2\/types\/page"}],"author":[{"embeddable":true,"href":"https:\/\/dev.jobtek.eu\/en\/wp-json\/wp\/v2\/users\/6727"}],"replies":[{"embeddable":true,"href":"https:\/\/dev.jobtek.eu\/en\/wp-json\/wp\/v2\/comments?post=733"}],"version-history":[{"count":1,"href":"https:\/\/dev.jobtek.eu\/en\/wp-json\/wp\/v2\/pages\/733\/revisions"}],"predecessor-version":[{"id":5562,"href":"https:\/\/dev.jobtek.eu\/en\/wp-json\/wp\/v2\/pages\/733\/revisions\/5562"}],"wp:attachment":[{"href":"https:\/\/dev.jobtek.eu\/en\/wp-json\/wp\/v2\/media?parent=733"}],"curies":[{"name":"wp","href":"https:\/\/api.w.org\/{rel}","templated":true}]}}